{"id":513,"date":"2024-04-09T14:16:47","date_gmt":"2024-04-09T13:16:47","guid":{"rendered":"https:\/\/medycynafunkcjonalna.pl\/?page_id=513"},"modified":"2024-11-20T13:59:58","modified_gmt":"2024-11-20T12:59:58","slug":"interpretacja-badania-parazytologicznego","status":"publish","type":"page","link":"https:\/\/medycynafunkcjonalna.pl\/?page_id=513","title":{"rendered":"Interpretacja badania parazytologicznego"},"content":{"rendered":"\n<p>Interpretacja obejmuje pe\u0142ne zalecenia terapeutyczne sk\u0142adaj\u0105ce si\u0119 z:<\/p>\n\n\n\n<ul class=\"wp-block-list\">\n<li>Wsparcia mineralnego (dotyczy doros\u0142ych i dzieci powy\u017cej 7 lat z wy\u0142\u0105czeniem owsicy),<\/li>\n\n\n\n<li>Farmakoterapii,<\/li>\n\n\n\n<li>Uzupe\u0142niaj\u0105cej terapii zio\u0142owej (dotyczy doros\u0142ych i dzieci powy\u017cej 7 lat).<\/li>\n<\/ul>\n\n\n\n<p>Wynik badania oraz potwierdzenie przelewu nale\u017cy wys\u0142a\u0107 na adres e-mail: <a href=\"mailto:medycynafunkcjonalna@gmail.com\">medycynafunkcjonalna@gmail.com<\/a><\/p>\n\n\n\n<p>Uwagi:<\/p>\n\n\n\n<ol class=\"wp-block-list\">\n<li>Do wystawienia recepty potrzebny jest numer Pesel, nale\u017cy r\u00f3wnie\u017c umie\u015bci\u0107 go w tre\u015bci maila o ile nie jest widoczny w za\u0142\u0105czonym wyniku badania.<\/li>\n\n\n\n<li>W przypadku owsicy nie wymagam wyniku badania, a jedynie dane z wywiadu. Jest to paso\u017cyt zaka\u017any i w jego przypadku leczy si\u0119 wszystkich domownik\u00f3w. U dzieci stosuje si\u0119 Pyrantel dost\u0119pny bez recepty. Doros\u0142ych mo\u017cna r\u00f3wnie\u017c leczy\u0107 Pyrantelem, ale nieco lepiej sprawdza si\u0119 Albendazol. W razie potrzeby wystawiam recepty na tak\u0105 liczb\u0119 dawek, jaka jest potrzebna \u2013 prosz\u0119 zaznaczy\u0107 to w e-mailu. Podczas leczenia nale\u017cy wypra\u0107 bielizn\u0119 i po\u015bciele domownik\u00f3w w wysokiej temperaturze i dok\u0142adnie odkurzy\u0107 mieszkanie. Ca\u0142\u0105 procedur\u0119 powtarzamy jeszcze raz po 2-3 tygodniach.<\/li>\n<\/ol>\n\n\n\n<p>Odpowied\u017a przy\u015bl\u0119 w ci\u0105gu 5 dni roboczych.<\/p>\n\n\n\n<p>Cena: 59 z\u0142<\/p>\n\n\n\n<p>Przelew na na konto: 66 1090 2268 0000 0001 4122 5650<\/p>\n\n\n\n<p>Medycyna Funkcjonalna Karol Jezierski,<\/p>\n\n\n\n<p>tytu\u0142: Terapia paso\u017cyt\u00f3w<\/p>\n","protected":false},"excerpt":{"rendered":"<p>Interpretacja obejmuje pe\u0142ne zalecenia terapeutyczne sk\u0142adaj\u0105ce si\u0119 z: Wynik badania oraz potwierdzenie przelewu nale\u017cy wys\u0142a\u0107 na adres e-mail: medycynafunkcjonalna@gmail.com Uwagi: Odpowied\u017a przy\u015bl\u0119 w ci\u0105gu 5 dni roboczych. Cena: 59 z\u0142 Przelew na na konto: 66 1090 2268 0000 0001 4122 5650 Medycyna Funkcjonalna Karol Jezierski, tytu\u0142: Terapia paso\u017cyt\u00f3w<\/p>\n","protected":false},"author":1,"featured_media":0,"parent":0,"menu_order":0,"comment_status":"closed","ping_status":"closed","template":"","meta":{"_monsterinsights_skip_tracking":false,"_monsterinsights_sitenote_active":false,"_monsterinsights_sitenote_note":"","_monsterinsights_sitenote_category":0,"footnotes":""},"class_list":["post-513","page","type-page","status-publish","hentry"],"aioseo_notices":[],"_links":{"self":[{"href":"https:\/\/medycynafunkcjonalna.pl\/index.php?rest_route=\/wp\/v2\/pages\/513","targetHints":{"allow":["GET"]}}],"collection":[{"href":"https:\/\/medycynafunkcjonalna.pl\/index.php?rest_route=\/wp\/v2\/pages"}],"about":[{"href":"https:\/\/medycynafunkcjonalna.pl\/index.php?rest_route=\/wp\/v2\/types\/page"}],"author":[{"embeddable":true,"href":"https:\/\/medycynafunkcjonalna.pl\/index.php?rest_route=\/wp\/v2\/users\/1"}],"replies":[{"embeddable":true,"href":"https:\/\/medycynafunkcjonalna.pl\/index.php?rest_route=%2Fwp%2Fv2%2Fcomments&post=513"}],"version-history":[{"count":4,"href":"https:\/\/medycynafunkcjonalna.pl\/index.php?rest_route=\/wp\/v2\/pages\/513\/revisions"}],"predecessor-version":[{"id":577,"href":"https:\/\/medycynafunkcjonalna.pl\/index.php?rest_route=\/wp\/v2\/pages\/513\/revisions\/577"}],"wp:attachment":[{"href":"https:\/\/medycynafunkcjonalna.pl\/index.php?rest_route=%2Fwp%2Fv2%2Fmedia&parent=513"}],"curies":[{"name":"wp","href":"https:\/\/api.w.org\/{rel}","templated":true}]}}