{"id":511,"date":"2024-04-09T14:15:18","date_gmt":"2024-04-09T13:15:18","guid":{"rendered":"https:\/\/medycynafunkcjonalna.pl\/?page_id=511"},"modified":"2024-11-20T13:54:04","modified_gmt":"2024-11-20T12:54:04","slug":"interpretacja-badania-eha","status":"publish","type":"page","link":"https:\/\/medycynafunkcjonalna.pl\/?page_id=511","title":{"rendered":"Badanie EHA"},"content":{"rendered":"\n<p>W celu zam\u00f3wienia zestawu do badania prosz\u0119 o przes\u0142anie e-mailem potwierdzenia przelewu oraz danych do wysy\u0142ki: Imi\u0119, Nazwisko (lub nazwa firmy), adres, dane paczkomatu i numer telefonu:<\/p>\n\n\n\n<p>Zestawy do badania wysy\u0142am tylko do paczkomat\u00f3w InPost.<\/p>\n\n\n\n<p>Adres e-mail: <a href=\"mailto:medycynafunkcjonalna@gmail.com\">medycynafunkcjonalna@gmail.com<\/a><\/p>\n\n\n\n<p>Wysy\u0142ka do 5 dni roboczych.<\/p>\n\n\n\n<p>Cena: 389 z\u0142<\/p>\n\n\n\n<p>Pobranie w\u0142os\u00f3w i wysy\u0142ka do laboratorium nale\u017cy do pacjenta.<\/p>\n\n\n\n<p>Przelew na na konto: 66 1090 2268 0000 0001 4122 5650<\/p>\n\n\n\n<p>Medycyna Funkcjonalna Karol Jezierski,<\/p>\n\n\n\n<p>tytu\u0142: Badanie EHA<\/p>\n","protected":false},"excerpt":{"rendered":"<p>W celu zam\u00f3wienia zestawu do badania prosz\u0119 o przes\u0142anie e-mailem potwierdzenia przelewu oraz danych do wysy\u0142ki: Imi\u0119, Nazwisko (lub nazwa firmy), adres, dane paczkomatu i numer telefonu: Zestawy do badania wysy\u0142am tylko do paczkomat\u00f3w InPost. Adres e-mail: medycynafunkcjonalna@gmail.com Wysy\u0142ka do 5 dni roboczych. Cena: 389 z\u0142 Pobranie w\u0142os\u00f3w i wysy\u0142ka do laboratorium nale\u017cy do pacjenta. [&hellip;]<\/p>\n","protected":false},"author":1,"featured_media":0,"parent":0,"menu_order":0,"comment_status":"closed","ping_status":"closed","template":"","meta":{"_monsterinsights_skip_tracking":false,"_monsterinsights_sitenote_active":false,"_monsterinsights_sitenote_note":"","_monsterinsights_sitenote_category":0,"footnotes":""},"class_list":["post-511","page","type-page","status-publish","hentry"],"aioseo_notices":[],"_links":{"self":[{"href":"https:\/\/medycynafunkcjonalna.pl\/index.php?rest_route=\/wp\/v2\/pages\/511","targetHints":{"allow":["GET"]}}],"collection":[{"href":"https:\/\/medycynafunkcjonalna.pl\/index.php?rest_route=\/wp\/v2\/pages"}],"about":[{"href":"https:\/\/medycynafunkcjonalna.pl\/index.php?rest_route=\/wp\/v2\/types\/page"}],"author":[{"embeddable":true,"href":"https:\/\/medycynafunkcjonalna.pl\/index.php?rest_route=\/wp\/v2\/users\/1"}],"replies":[{"embeddable":true,"href":"https:\/\/medycynafunkcjonalna.pl\/index.php?rest_route=%2Fwp%2Fv2%2Fcomments&post=511"}],"version-history":[{"count":6,"href":"https:\/\/medycynafunkcjonalna.pl\/index.php?rest_route=\/wp\/v2\/pages\/511\/revisions"}],"predecessor-version":[{"id":573,"href":"https:\/\/medycynafunkcjonalna.pl\/index.php?rest_route=\/wp\/v2\/pages\/511\/revisions\/573"}],"wp:attachment":[{"href":"https:\/\/medycynafunkcjonalna.pl\/index.php?rest_route=%2Fwp%2Fv2%2Fmedia&parent=511"}],"curies":[{"name":"wp","href":"https:\/\/api.w.org\/{rel}","templated":true}]}}