{"id":508,"date":"2024-04-09T14:13:17","date_gmt":"2024-04-09T13:13:17","guid":{"rendered":"https:\/\/medycynafunkcjonalna.pl\/?page_id=508"},"modified":"2024-11-20T14:00:35","modified_gmt":"2024-11-20T13:00:35","slug":"leczenie-sibo","status":"publish","type":"page","link":"https:\/\/medycynafunkcjonalna.pl\/?page_id=508","title":{"rendered":"Leczenie SIBO"},"content":{"rendered":"\n<p>Wystawiam recept\u0119 na Xifaxan 200 mg, opakowania 28 tabl.<\/p>\n\n\n\n<p>Wynik badania lub opis objaw\u00f3w typowych dla SIBO oraz potwierdzenie przelewu nale\u017cy wys\u0142a\u0107 na adres e-mail: <a href=\"mailto:medycynafunkcjonalna@gmail.com\">medycynafunkcjonalna@gmail.com<\/a><\/p>\n\n\n\n<p>Uwagi:<\/p>\n\n\n\n<ol class=\"wp-block-list\">\n<li>Do wystawienia recepty potrzebny jest numer Pesel, nale\u017cy r\u00f3wnie\u017c umie\u015bci\u0107 go w tre\u015bci maila o ile nie jest widoczny w za\u0142\u0105czonym wyniku badania.<\/li>\n\n\n\n<li>Nale\u017cy okre\u015bli\u0107 ile opakowa\u0144 leku b\u0119dzie Pa\u0144stwu potrzebne.<\/li>\n<\/ol>\n\n\n\n<p>Odpowied\u017a przy\u015bl\u0119 w ci\u0105gu 5 dni roboczych.<\/p>\n\n\n\n<p>Cena: 49 z\u0142<\/p>\n\n\n\n<p>Przelew na na konto: 66 1090 2268 0000 0001 4122 5650<\/p>\n\n\n\n<p>Medycyna Funkcjonalna Karol Jezierski,<\/p>\n\n\n\n<p>tytu\u0142: Recepta SIBO<\/p>\n","protected":false},"excerpt":{"rendered":"<p>Wystawiam recept\u0119 na Xifaxan 200 mg, opakowania 28 tabl. Wynik badania lub opis objaw\u00f3w typowych dla SIBO oraz potwierdzenie przelewu nale\u017cy wys\u0142a\u0107 na adres e-mail: medycynafunkcjonalna@gmail.com Uwagi: Odpowied\u017a przy\u015bl\u0119 w ci\u0105gu 5 dni roboczych. Cena: 49 z\u0142 Przelew na na konto: 66 1090 2268 0000 0001 4122 5650 Medycyna Funkcjonalna Karol Jezierski, tytu\u0142: Recepta SIBO<\/p>\n","protected":false},"author":1,"featured_media":0,"parent":0,"menu_order":0,"comment_status":"closed","ping_status":"closed","template":"","meta":{"_monsterinsights_skip_tracking":false,"_monsterinsights_sitenote_active":false,"_monsterinsights_sitenote_note":"","_monsterinsights_sitenote_category":0,"footnotes":""},"class_list":["post-508","page","type-page","status-publish","hentry"],"aioseo_notices":[],"_links":{"self":[{"href":"https:\/\/medycynafunkcjonalna.pl\/index.php?rest_route=\/wp\/v2\/pages\/508","targetHints":{"allow":["GET"]}}],"collection":[{"href":"https:\/\/medycynafunkcjonalna.pl\/index.php?rest_route=\/wp\/v2\/pages"}],"about":[{"href":"https:\/\/medycynafunkcjonalna.pl\/index.php?rest_route=\/wp\/v2\/types\/page"}],"author":[{"embeddable":true,"href":"https:\/\/medycynafunkcjonalna.pl\/index.php?rest_route=\/wp\/v2\/users\/1"}],"replies":[{"embeddable":true,"href":"https:\/\/medycynafunkcjonalna.pl\/index.php?rest_route=%2Fwp%2Fv2%2Fcomments&post=508"}],"version-history":[{"count":4,"href":"https:\/\/medycynafunkcjonalna.pl\/index.php?rest_route=\/wp\/v2\/pages\/508\/revisions"}],"predecessor-version":[{"id":578,"href":"https:\/\/medycynafunkcjonalna.pl\/index.php?rest_route=\/wp\/v2\/pages\/508\/revisions\/578"}],"wp:attachment":[{"href":"https:\/\/medycynafunkcjonalna.pl\/index.php?rest_route=%2Fwp%2Fv2%2Fmedia&parent=508"}],"curies":[{"name":"wp","href":"https:\/\/api.w.org\/{rel}","templated":true}]}}