{"id":487,"date":"2024-01-18T13:35:19","date_gmt":"2024-01-18T12:35:19","guid":{"rendered":"https:\/\/medycynafunkcjonalna.pl\/?page_id=487"},"modified":"2024-11-20T13:59:17","modified_gmt":"2024-11-20T12:59:17","slug":"zamow-plan-dietetyczny","status":"publish","type":"page","link":"https:\/\/medycynafunkcjonalna.pl\/?page_id=487","title":{"rendered":"Zam\u00f3w plan dietetyczny"},"content":{"rendered":"\n<p>Pakiet obejmuje jad\u0142ospisy \u015brednio-, niskow\u0119glowodanowe i ketogeniczny.<\/p>\n\n\n\n<p>Po przes\u0142aniu na adres e-mail <a href=\"mailto:medycynafunkcjonalna@gmail.com\">medycynafunkcjonalna@gmail.com<\/a> potwierdzenia przelewu w odpowiedzi w ci\u0105gu 5 dni roboczych otrzymasz za\u0142\u0105cznik z pe\u0142nym pakietem jad\u0142ospis\u00f3w.<\/p>\n\n\n\n<p>Cena: 49 z\u0142<\/p>\n\n\n\n<p>Przelew na na konto: 66 1090 2268 0000 0001 4122 5650<\/p>\n\n\n\n<p>Medycyna Funkcjonalna Karol Jezierski,<\/p>\n\n\n\n<p>tytu\u0142: Pakiet dietetyczny<\/p>\n","protected":false},"excerpt":{"rendered":"<p>Pakiet obejmuje jad\u0142ospisy \u015brednio-, niskow\u0119glowodanowe i ketogeniczny. Po przes\u0142aniu na adres e-mail medycynafunkcjonalna@gmail.com potwierdzenia przelewu w odpowiedzi w ci\u0105gu 5 dni roboczych otrzymasz za\u0142\u0105cznik z pe\u0142nym pakietem jad\u0142ospis\u00f3w. Cena: 49 z\u0142 Przelew na na konto: 66 1090 2268 0000 0001 4122 5650 Medycyna Funkcjonalna Karol Jezierski, tytu\u0142: Pakiet dietetyczny<\/p>\n","protected":false},"author":1,"featured_media":0,"parent":0,"menu_order":0,"comment_status":"closed","ping_status":"closed","template":"","meta":{"_monsterinsights_skip_tracking":false,"_monsterinsights_sitenote_active":false,"_monsterinsights_sitenote_note":"","_monsterinsights_sitenote_category":0,"footnotes":""},"class_list":["post-487","page","type-page","status-publish","hentry"],"aioseo_notices":[],"_links":{"self":[{"href":"https:\/\/medycynafunkcjonalna.pl\/index.php?rest_route=\/wp\/v2\/pages\/487","targetHints":{"allow":["GET"]}}],"collection":[{"href":"https:\/\/medycynafunkcjonalna.pl\/index.php?rest_route=\/wp\/v2\/pages"}],"about":[{"href":"https:\/\/medycynafunkcjonalna.pl\/index.php?rest_route=\/wp\/v2\/types\/page"}],"author":[{"embeddable":true,"href":"https:\/\/medycynafunkcjonalna.pl\/index.php?rest_route=\/wp\/v2\/users\/1"}],"replies":[{"embeddable":true,"href":"https:\/\/medycynafunkcjonalna.pl\/index.php?rest_route=%2Fwp%2Fv2%2Fcomments&post=487"}],"version-history":[{"count":6,"href":"https:\/\/medycynafunkcjonalna.pl\/index.php?rest_route=\/wp\/v2\/pages\/487\/revisions"}],"predecessor-version":[{"id":576,"href":"https:\/\/medycynafunkcjonalna.pl\/index.php?rest_route=\/wp\/v2\/pages\/487\/revisions\/576"}],"wp:attachment":[{"href":"https:\/\/medycynafunkcjonalna.pl\/index.php?rest_route=%2Fwp%2Fv2%2Fmedia&parent=487"}],"curies":[{"name":"wp","href":"https:\/\/api.w.org\/{rel}","templated":true}]}}