{"id":471,"date":"2023-12-19T21:22:58","date_gmt":"2023-12-19T20:22:58","guid":{"rendered":"https:\/\/medycynafunkcjonalna.pl\/?page_id=471"},"modified":"2025-08-26T08:26:27","modified_gmt":"2025-08-26T07:26:27","slug":"konsultacje","status":"publish","type":"page","link":"https:\/\/medycynafunkcjonalna.pl\/?page_id=471","title":{"rendered":"Oferta"},"content":{"rendered":"\n<p><\/p>\n\n\n\n<p class=\"has-medium-font-size\">\u25aa Terapia przeciwpaso\u017cytnicza \u2013 cena 59 z\u0142 <a href=\"https:\/\/medycynafunkcjonalna.pl\/?page_id=513\" target=\"_blank\" rel=\"noopener\" title=\"Paso\u017cyty\">Szczeg\u00f3\u0142y<\/a><\/p>\n\n\n\n<p><\/p>\n\n\n\n<p class=\"has-medium-font-size\">\u25aa Zestaw do badania EHA (analizy pierwiastkowej w\u0142os\u00f3w) \u2013 cena 389 z\u0142 <a href=\"https:\/\/medycynafunkcjonalna.pl\/?page_id=511\" target=\"_blank\" rel=\"noopener\" title=\"EHA\">Szczeg\u00f3\u0142y<\/a><\/p>\n\n\n\n<p><\/p>\n\n\n\n<p class=\"has-medium-font-size\">\u25aa Wystawienie recepty na Xifaxan w przypadku SIBO \u2013 cena 49 z\u0142 <a href=\"https:\/\/medycynafunkcjonalna.pl\/?page_id=508\" target=\"_blank\" rel=\"noopener\" title=\"SIBO\">Szczeg\u00f3\u0142y<\/a><\/p>\n\n\n\n<p><\/p>\n\n\n\n<p class=\"has-medium-font-size\">\u25aa Pakiet plan\u00f3w dietetycznych (w przypadku boreliozy) \u2013 cena 49 z\u0142 <a href=\"https:\/\/medycynafunkcjonalna.pl\/?page_id=487\" target=\"_blank\" rel=\"noopener\" title=\"Pakiet diet\">Szczeg\u00f3\u0142y<\/a><\/p>\n","protected":false},"excerpt":{"rendered":"<p>\u25aa Terapia przeciwpaso\u017cytnicza \u2013 cena 59 z\u0142 Szczeg\u00f3\u0142y \u25aa Zestaw do badania EHA (analizy pierwiastkowej w\u0142os\u00f3w) \u2013 cena 389 z\u0142 Szczeg\u00f3\u0142y \u25aa Wystawienie recepty na Xifaxan w przypadku SIBO \u2013 cena 49 z\u0142 Szczeg\u00f3\u0142y \u25aa Pakiet plan\u00f3w dietetycznych (w przypadku boreliozy) \u2013 cena 49 z\u0142 Szczeg\u00f3\u0142y<\/p>\n","protected":false},"author":1,"featured_media":0,"parent":0,"menu_order":0,"comment_status":"closed","ping_status":"closed","template":"","meta":{"_monsterinsights_skip_tracking":false,"_monsterinsights_sitenote_active":false,"_monsterinsights_sitenote_note":"","_monsterinsights_sitenote_category":0,"footnotes":""},"class_list":["post-471","page","type-page","status-publish","hentry"],"aioseo_notices":[],"_links":{"self":[{"href":"https:\/\/medycynafunkcjonalna.pl\/index.php?rest_route=\/wp\/v2\/pages\/471","targetHints":{"allow":["GET"]}}],"collection":[{"href":"https:\/\/medycynafunkcjonalna.pl\/index.php?rest_route=\/wp\/v2\/pages"}],"about":[{"href":"https:\/\/medycynafunkcjonalna.pl\/index.php?rest_route=\/wp\/v2\/types\/page"}],"author":[{"embeddable":true,"href":"https:\/\/medycynafunkcjonalna.pl\/index.php?rest_route=\/wp\/v2\/users\/1"}],"replies":[{"embeddable":true,"href":"https:\/\/medycynafunkcjonalna.pl\/index.php?rest_route=%2Fwp%2Fv2%2Fcomments&post=471"}],"version-history":[{"count":36,"href":"https:\/\/medycynafunkcjonalna.pl\/index.php?rest_route=\/wp\/v2\/pages\/471\/revisions"}],"predecessor-version":[{"id":586,"href":"https:\/\/medycynafunkcjonalna.pl\/index.php?rest_route=\/wp\/v2\/pages\/471\/revisions\/586"}],"wp:attachment":[{"href":"https:\/\/medycynafunkcjonalna.pl\/index.php?rest_route=%2Fwp%2Fv2%2Fmedia&parent=471"}],"curies":[{"name":"wp","href":"https:\/\/api.w.org\/{rel}","templated":true}]}}