{"id":316,"date":"2023-11-08T15:32:37","date_gmt":"2023-11-08T14:32:37","guid":{"rendered":"https:\/\/medycynafunkcjonalna.pl\/?page_id=316"},"modified":"2024-05-28T20:09:08","modified_gmt":"2024-05-28T19:09:08","slug":"o-autorze","status":"publish","type":"page","link":"https:\/\/medycynafunkcjonalna.pl\/?page_id=316","title":{"rendered":"O Autorze"},"content":{"rendered":"\n<figure class=\"wp-block-image size-full\"><img loading=\"lazy\" decoding=\"async\" width=\"300\" height=\"300\" src=\"https:\/\/medycynafunkcjonalna.pl\/wp-content\/uploads\/2023\/11\/Smallobject1-300x300-1.jpg\" alt=\"\" class=\"wp-image-325\" srcset=\"https:\/\/medycynafunkcjonalna.pl\/wp-content\/uploads\/2023\/11\/Smallobject1-300x300-1.jpg 300w, https:\/\/medycynafunkcjonalna.pl\/wp-content\/uploads\/2023\/11\/Smallobject1-300x300-1-150x150.jpg 150w, https:\/\/medycynafunkcjonalna.pl\/wp-content\/uploads\/2023\/11\/Smallobject1-300x300-1-106x106.jpg 106w, https:\/\/medycynafunkcjonalna.pl\/wp-content\/uploads\/2023\/11\/Smallobject1-300x300-1-80x80.jpg 80w\" sizes=\"auto, (max-width: 300px) 100vw, 300px\" \/><\/figure>\n\n\n\n<p>Nazywam si\u0119 <em>Karol Jezierski<\/em>. Od wielu lat interesuj\u0119 si\u0119 wp\u0142ywem \u017cywienia i innych element\u00f3w stylu \u017cycia na rozw\u00f3j chor\u00f3b oraz procesy zdrowienia. Z tego powodu podczas studi\u00f3w lekarskich postanowi\u0142em rozpocz\u0105\u0107 te\u017c studia na kierunku dietetyka, kt\u00f3re uko\u0144czy\u0142em w roku 2011 (dietetyka) oraz 2013 (kier. lekarski). Ogromny rozw\u00f3j nauki o \u017cywieniu oraz medycyny funkcjonalnej, kt\u00f3ry ma miejsce w ostatnich dw\u00f3ch dekadach, oraz id\u0105ce za nim mo\u017cliwo\u015bci terapeutyczne sk\u0142oni\u0142y mnie, aby po kilku latach pracy w szpitalach i przychodniach zaj\u0105\u0107 si\u0119 na dobre medycyn\u0105 funkcjonaln\u0105, kt\u00f3ra kieruje pacjenta na drog\u0119 odzyskania zdrowia poprzez wprowadzanie zmian w stylu \u017cycia i w\u0142a\u015bciwe dysponowanie mo\u017cliwo\u015bciami jakie daje po\u0142\u0105czenie nowoczesnej medycyny zachodniej oraz metod naturalnych i tradycyjnych o naukowo udowodnionej skuteczno\u015bci.<\/p>\n","protected":false},"excerpt":{"rendered":"<p>Nazywam si\u0119 Karol Jezierski. Od wielu lat interesuj\u0119 si\u0119 wp\u0142ywem \u017cywienia i innych element\u00f3w stylu \u017cycia na rozw\u00f3j chor\u00f3b oraz procesy zdrowienia. Z tego powodu podczas studi\u00f3w lekarskich postanowi\u0142em rozpocz\u0105\u0107 te\u017c studia na kierunku dietetyka, kt\u00f3re uko\u0144czy\u0142em w roku 2011 (dietetyka) oraz 2013 (kier. lekarski). Ogromny rozw\u00f3j nauki o \u017cywieniu oraz medycyny funkcjonalnej, kt\u00f3ry ma [&hellip;]<\/p>\n","protected":false},"author":1,"featured_media":0,"parent":0,"menu_order":0,"comment_status":"closed","ping_status":"closed","template":"","meta":{"_monsterinsights_skip_tracking":false,"_monsterinsights_sitenote_active":false,"_monsterinsights_sitenote_note":"","_monsterinsights_sitenote_category":0,"footnotes":""},"class_list":["post-316","page","type-page","status-publish","hentry"],"aioseo_notices":[],"_links":{"self":[{"href":"https:\/\/medycynafunkcjonalna.pl\/index.php?rest_route=\/wp\/v2\/pages\/316","targetHints":{"allow":["GET"]}}],"collection":[{"href":"https:\/\/medycynafunkcjonalna.pl\/index.php?rest_route=\/wp\/v2\/pages"}],"about":[{"href":"https:\/\/medycynafunkcjonalna.pl\/index.php?rest_route=\/wp\/v2\/types\/page"}],"author":[{"embeddable":true,"href":"https:\/\/medycynafunkcjonalna.pl\/index.php?rest_route=\/wp\/v2\/users\/1"}],"replies":[{"embeddable":true,"href":"https:\/\/medycynafunkcjonalna.pl\/index.php?rest_route=%2Fwp%2Fv2%2Fcomments&post=316"}],"version-history":[{"count":15,"href":"https:\/\/medycynafunkcjonalna.pl\/index.php?rest_route=\/wp\/v2\/pages\/316\/revisions"}],"predecessor-version":[{"id":557,"href":"https:\/\/medycynafunkcjonalna.pl\/index.php?rest_route=\/wp\/v2\/pages\/316\/revisions\/557"}],"wp:attachment":[{"href":"https:\/\/medycynafunkcjonalna.pl\/index.php?rest_route=%2Fwp%2Fv2%2Fmedia&parent=316"}],"curies":[{"name":"wp","href":"https:\/\/api.w.org\/{rel}","templated":true}]}}