{"id":259,"date":"2023-11-08T14:22:31","date_gmt":"2023-11-08T13:22:31","guid":{"rendered":"https:\/\/medycynafunkcjonalna.pl\/?page_id=259"},"modified":"2023-12-06T10:13:41","modified_gmt":"2023-12-06T09:13:41","slug":"zespol-przewleklego-zmeczenia","status":"publish","type":"page","link":"https:\/\/medycynafunkcjonalna.pl\/?page_id=259","title":{"rendered":"\u0141uszczyca"},"content":{"rendered":"\n<p>&nbsp;<\/p>\n\n\n\n<p style=\"font-size:24px\"><a href=\"https:\/\/www.udemy.com\/course\/luszczyca\/?referralCode=924443F2264DBB7D28C2\" target=\"_blank\" rel=\"noopener\" title=\"kurs \u0141uszczyca\">Przejd\u017a do kursu<\/a><\/p>\n\n\n\n<p>&nbsp;<\/p>\n\n\n\n<p class=\"has-medium-font-size\">Opis:<\/p>\n\n\n\n<p class=\"has-medium-font-size\">\u0141uszczyca nale\u017cy do chor\u00f3b o pod\u0142o\u017cu autoimmunologicznym, chocia\u017c do tej pory nie znaleziono autoprzeciwcia\u0142, kt\u00f3re by\u0142yby specyficzne dla tej choroby. Wiemy natomiast, \u017ce stan zapalny sk\u00f3ry, kt\u00f3ry wyst\u0119puje w jej przebiegu jest spowodowany autoimmunologicznym atakiem kom\u00f3rek odporno\u015bciowych przeciwko w\u0142asnym antygenom, czyli bia\u0142kom znajduj\u0105cym si\u0119 w kom\u00f3rkach sk\u00f3ry. Chocia\u017c sk\u0142onno\u015b\u0107 do rozwoju \u0142uszczycy jest dziedziczna, o tym czy rozwinie si\u0119 ona u danej osoby oraz jakie b\u0119dzie nasilenie jej objaw\u00f3w decyduj\u0105 czynniki wp\u0142ywaj\u0105ce na dzia\u0142anie uk\u0142adu odporno\u015bciowego.<\/p>\n\n\n\n<p class=\"has-medium-font-size\">Kurs stanowi pe\u0142ne kompendium wiedzy jak\u0105 powinna posiada\u0107 osoba, u kt\u00f3rej zdiagnozowano \u0142uszczyc\u0119. Na wiedz\u0119 t\u0119 sk\u0142ada si\u0119 om\u00f3wienie zalece\u0144 \u017cywieniowych, suplementacyjnych i innych element\u00f3w stylu \u017cycia. Zawiera te\u017c kompletne plany dietetyczne w wariantach 1600 i 1800 kcal w wersjach 3-tygodniowych oraz 2-tygodniowych semi-wegetaria\u0144skich. Stopniowe wprowadzanie w \u017cycie zmian stylu \u017cycia omawianych w tym kursie mo\u017ce znacznie zwi\u0119kszy\u0107 szans\u0119 na osi\u0105gni\u0119cie remisji, czyli wygaszenia procesu autoimmunologicznego. Nale\u017cy te\u017c pami\u0119ta\u0107, \u017ce czynnikiem, kt\u00f3ry pogarsza przebieg prawie wszystkich chor\u00f3b, w tym autoimmunologicznych jest stres, zw\u0142aszcza przewlek\u0142y. Wprowadzenie technik redukcji stresu oraz uwalniania zgromadzonych emocji ma ogromne znaczenie dla zwi\u0119kszenia szansy na osi\u0105gni\u0119cie remisji. Kurs ma charakter wy\u0142\u0105cznie edukacyjny i nie stanowi zast\u0119pstwa dla profesjonalnej porady medycznej.<\/p>\n\n\n\n<p style=\"font-size:23px\"><a href=\"https:\/\/www.udemy.com\/course\/luszczyca\/?referralCode=924443F2264DBB7D28C2\" target=\"_blank\" rel=\"noopener\" title=\"kurs \u0142uszczyca\">Przejd\u017a do kursu<\/a><\/p>\n","protected":false},"excerpt":{"rendered":"<p>&nbsp; Przejd\u017a do kursu &nbsp; Opis: \u0141uszczyca nale\u017cy do chor\u00f3b o pod\u0142o\u017cu autoimmunologicznym, chocia\u017c do tej pory nie znaleziono autoprzeciwcia\u0142, kt\u00f3re by\u0142yby specyficzne dla tej choroby. Wiemy natomiast, \u017ce stan zapalny sk\u00f3ry, kt\u00f3ry wyst\u0119puje w jej przebiegu jest spowodowany autoimmunologicznym atakiem kom\u00f3rek odporno\u015bciowych przeciwko w\u0142asnym antygenom, czyli bia\u0142kom znajduj\u0105cym si\u0119 w kom\u00f3rkach sk\u00f3ry. Chocia\u017c sk\u0142onno\u015b\u0107 [&hellip;]<\/p>\n","protected":false},"author":1,"featured_media":0,"parent":0,"menu_order":0,"comment_status":"closed","ping_status":"closed","template":"","meta":{"_monsterinsights_skip_tracking":false,"_monsterinsights_sitenote_active":false,"_monsterinsights_sitenote_note":"","_monsterinsights_sitenote_category":0,"footnotes":""},"class_list":["post-259","page","type-page","status-publish","hentry"],"aioseo_notices":[],"_links":{"self":[{"href":"https:\/\/medycynafunkcjonalna.pl\/index.php?rest_route=\/wp\/v2\/pages\/259","targetHints":{"allow":["GET"]}}],"collection":[{"href":"https:\/\/medycynafunkcjonalna.pl\/index.php?rest_route=\/wp\/v2\/pages"}],"about":[{"href":"https:\/\/medycynafunkcjonalna.pl\/index.php?rest_route=\/wp\/v2\/types\/page"}],"author":[{"embeddable":true,"href":"https:\/\/medycynafunkcjonalna.pl\/index.php?rest_route=\/wp\/v2\/users\/1"}],"replies":[{"embeddable":true,"href":"https:\/\/medycynafunkcjonalna.pl\/index.php?rest_route=%2Fwp%2Fv2%2Fcomments&post=259"}],"version-history":[{"count":11,"href":"https:\/\/medycynafunkcjonalna.pl\/index.php?rest_route=\/wp\/v2\/pages\/259\/revisions"}],"predecessor-version":[{"id":464,"href":"https:\/\/medycynafunkcjonalna.pl\/index.php?rest_route=\/wp\/v2\/pages\/259\/revisions\/464"}],"wp:attachment":[{"href":"https:\/\/medycynafunkcjonalna.pl\/index.php?rest_route=%2Fwp%2Fv2%2Fmedia&parent=259"}],"curies":[{"name":"wp","href":"https:\/\/api.w.org\/{rel}","templated":true}]}}