{"id":254,"date":"2023-11-08T14:20:42","date_gmt":"2023-11-08T13:20:42","guid":{"rendered":"https:\/\/medycynafunkcjonalna.pl\/?page_id=254"},"modified":"2023-12-04T20:10:32","modified_gmt":"2023-12-04T19:10:32","slug":"problemy-skorne-azs-i-luszczyca","status":"publish","type":"page","link":"https:\/\/medycynafunkcjonalna.pl\/?page_id=254","title":{"rendered":"Atopowe zapalenie sk\u00f3ry"},"content":{"rendered":"\n<p>&nbsp;<\/p>\n\n\n\n<p style=\"font-size:24px\"><a href=\"https:\/\/www.udemy.com\/course\/atopowe-zapalenie-skory\/?referralCode=042F32FF93C0A5E3\" target=\"_blank\" rel=\"noopener\" title=\"AZS kurs\">Przejd\u017a do kursu<\/a><\/p>\n\n\n\n<p>&nbsp;<\/p>\n\n\n\n<p class=\"has-medium-font-size\">Opis:<\/p>\n\n\n\n<p class=\"has-medium-font-size\">Atopowe zapalenie sk\u00f3ry nale\u017cy do chor\u00f3b wyst\u0119puj\u0105cych coraz cz\u0119\u015bciej. Jest chorob\u0105 cywilizacyjn\u0105 cywilizacyjnych. Oznacza to, pewne konkretne zmiany, kt\u00f3re rozw\u00f3j cywilizacji postindustrialnej wprowadzi\u0142 w nasze \u017cycie sprzyja jego rozwojowi. U podstaw le\u017cy wadliwe dzia\u0142anie uk\u0142adu odporno\u015bciowego, kt\u00f3ry jest nadmiernie aktywny wobec niekt\u00f3rych bod\u017ac\u00f3w. St\u0105d w diagnostyce stosowany jest tzw. panel atopowy czyli badanie w kierunku alergii pokarmowych. Taka strategia pokazuje, \u017ce wp\u0142yw na nasilenie objaw\u00f3w maj\u0105 czynniki pokarmowe, w szczeg\u00f3lno\u015bci bariera jelitowa, kt\u00f3rej uszkodzenia prowadz\u0105 do aktywacji stan\u00f3w zapalnych, mi\u0119dzy innymi w osi jelito-sk\u00f3ra.<\/p>\n\n\n\n<p class=\"has-medium-font-size\">Kurs stanowi pe\u0142ne kompendium wiedzy jak\u0105 powinna posiada\u0107 osoba, u kt\u00f3rej zdiagnozowano atopowe zapalenie sk\u00f3ry. Na wiedz\u0119 t\u0119 sk\u0142ada si\u0119 om\u00f3wienie zalece\u0144 \u017cywieniowych, suplementacyjnych i mo\u017cliwej do podj\u0119cia diagnostyki dodatkowej. Zawiera te\u017c kompletne plany dietetyczne w wariantach 1600 i 1800 kcal w wersjach 3-tygodniowych oraz 2-tygodniowych semi-wegetaria\u0144skich. Stopniowe wprowadzanie omawianych w tym kursie zagadnie\u0144 mo\u017ce znacznie zwi\u0119kszy\u0107 szans\u0119 na wygaszenie objaw\u00f3w atopowego zapalenia sk\u00f3ry. Nale\u017cy te\u017c pami\u0119ta\u0107, \u017ce czynnikiem, kt\u00f3ry pogarsza przebieg prawie wszystkich chor\u00f3b, w tym o pod\u0142o\u017cu immunologicznym jest stres, zw\u0142aszcza przewlek\u0142y. Wprowadzenie technik redukcji stresu r\u00f3wnie\u017c ma ogromne znaczenie dla zwi\u0119kszenia szansy na osi\u0105gni\u0119cie poprawy. Kurs ma charakter wy\u0142\u0105cznie edukacyjny i nie stanowi zast\u0119pstwa dla profesjonalnej porady medycznej. <\/p>\n\n\n\n<p style=\"font-size:23px\"><a href=\"https:\/\/www.udemy.com\/course\/atopowe-zapalenie-skory\/?referralCode=042F32FF93C0A5E3\" target=\"_blank\" rel=\"noopener\" title=\"AZS kurs\">Przejd\u017a do kursu<\/a><\/p>\n","protected":false},"excerpt":{"rendered":"<p>&nbsp; Przejd\u017a do kursu &nbsp; Opis: Atopowe zapalenie sk\u00f3ry nale\u017cy do chor\u00f3b wyst\u0119puj\u0105cych coraz cz\u0119\u015bciej. Jest chorob\u0105 cywilizacyjn\u0105 cywilizacyjnych. Oznacza to, pewne konkretne zmiany, kt\u00f3re rozw\u00f3j cywilizacji postindustrialnej wprowadzi\u0142 w nasze \u017cycie sprzyja jego rozwojowi. U podstaw le\u017cy wadliwe dzia\u0142anie uk\u0142adu odporno\u015bciowego, kt\u00f3ry jest nadmiernie aktywny wobec niekt\u00f3rych bod\u017ac\u00f3w. St\u0105d w diagnostyce stosowany jest tzw. [&hellip;]<\/p>\n","protected":false},"author":1,"featured_media":0,"parent":0,"menu_order":0,"comment_status":"closed","ping_status":"closed","template":"","meta":{"_monsterinsights_skip_tracking":false,"_monsterinsights_sitenote_active":false,"_monsterinsights_sitenote_note":"","_monsterinsights_sitenote_category":0,"footnotes":""},"class_list":["post-254","page","type-page","status-publish","hentry"],"aioseo_notices":[],"_links":{"self":[{"href":"https:\/\/medycynafunkcjonalna.pl\/index.php?rest_route=\/wp\/v2\/pages\/254","targetHints":{"allow":["GET"]}}],"collection":[{"href":"https:\/\/medycynafunkcjonalna.pl\/index.php?rest_route=\/wp\/v2\/pages"}],"about":[{"href":"https:\/\/medycynafunkcjonalna.pl\/index.php?rest_route=\/wp\/v2\/types\/page"}],"author":[{"embeddable":true,"href":"https:\/\/medycynafunkcjonalna.pl\/index.php?rest_route=\/wp\/v2\/users\/1"}],"replies":[{"embeddable":true,"href":"https:\/\/medycynafunkcjonalna.pl\/index.php?rest_route=%2Fwp%2Fv2%2Fcomments&post=254"}],"version-history":[{"count":10,"href":"https:\/\/medycynafunkcjonalna.pl\/index.php?rest_route=\/wp\/v2\/pages\/254\/revisions"}],"predecessor-version":[{"id":453,"href":"https:\/\/medycynafunkcjonalna.pl\/index.php?rest_route=\/wp\/v2\/pages\/254\/revisions\/453"}],"wp:attachment":[{"href":"https:\/\/medycynafunkcjonalna.pl\/index.php?rest_route=%2Fwp%2Fv2%2Fmedia&parent=254"}],"curies":[{"name":"wp","href":"https:\/\/api.w.org\/{rel}","templated":true}]}}