{"id":250,"date":"2023-11-08T14:17:30","date_gmt":"2023-11-08T13:17:30","guid":{"rendered":"https:\/\/medycynafunkcjonalna.pl\/?page_id=250"},"modified":"2023-11-22T20:48:19","modified_gmt":"2023-11-22T19:48:19","slug":"rzs-i-inne-autoimmunologiczne-zapalenia-stawow","status":"publish","type":"page","link":"https:\/\/medycynafunkcjonalna.pl\/?page_id=250","title":{"rendered":"RZS i inne autoimmunologiczne zapalenia staw\u00f3w"},"content":{"rendered":"\n<p class=\"has-small-font-size\">&nbsp;<\/p>\n\n\n\n<p style=\"font-size:24px\"><a href=\"https:\/\/www.udemy.com\/course\/autoimmunologiczne-zapalenia-stawow\/?referralCode=A499D458915DF10B2F5C\" target=\"_blank\" rel=\"noopener\" title=\"Zapalenia staw\u00f3w\">Przejd\u017a do kursu<\/a><\/p>\n\n\n\n<p class=\"has-small-font-size\">&nbsp;<\/p>\n\n\n\n<p class=\"has-medium-font-size\">Opis:<\/p>\n\n\n\n<p class=\"has-medium-font-size\">Choroby autoimmunologiczne s\u0105 na ca\u0142ym \u015bwiecie coraz cz\u0119\u015bciej diagnozowane. Nale\u017c\u0105 do grupy chor\u00f3b cywilizacyjnych. Oznacza to, \u017ce prowadz\u0105 do nich pewne konkretne zmiany, kt\u00f3re rozw\u00f3j cywilizacji postindustrialnej wprowadzi\u0142 w \u017cycie niemal ka\u017cdego z nas. U podstaw ich rozwoju le\u017cy wadliwe funkcjonowanie uk\u0142adu odporno\u015bciowego, kt\u00f3ry produkuje przeciwcia\u0142a atakuj\u0105ce w\u0142asne tkanki organizmu, st\u0105d zwane s\u0105 autoprzeciwcia\u0142ami. Zale\u017cnie od rozpoznania oznacza si\u0119 r\u00f3\u017cne autoprzeciwcia\u0142a markerowe. Z kolei badania obrazowe, takie jak USG, RTG, tomografia komputerowa i rezonans magnetyczny pokazuj\u0105 obraz skutk\u00f3w ataku uk\u0142adu odporno\u015bciowego. Do grupy autoimmunologicznych zapale\u0144 staw\u00f3w nale\u017c\u0105 Reumatoidalne, Reaktywne i \u0141uszczycowe zapalenie staw\u00f3w.<\/p>\n\n\n\n<p class=\"has-medium-font-size\">Kurs stanowi pe\u0142ne kompendium wiedzy jak\u0105 powinna posiada\u0107 osoba, u kt\u00f3rej zdiagnozowano chorob\u0119 autoimmunologiczn\u0105. Na wiedz\u0119 t\u0119 sk\u0142ada si\u0119 om\u00f3wienie zalece\u0144 \u017cywieniowych, suplementacyjnych i innych element\u00f3w stylu \u017cycia. Zawiera te\u017c kompletne plany dietetyczne w wariantach 1600 i 1800 kcal w wersjach 3-tygodniowych oraz 2-tygodniowych semi-wegetaria\u0144skich. Stopniowe wprowadzanie w \u017cycie zmian stylu \u017cycia omawianych w tym kursie mo\u017ce znacznie zwi\u0119kszy\u0107 szans\u0119 na osi\u0105gni\u0119cie remisji, czyli wygaszenia procesu autoimmunologicznego. Kurs ma charakter wy\u0142\u0105cznie edukacyjny i nie stanowi zast\u0119pstwa dla profesjonalnej porady medycznej.<\/p>\n\n\n\n<p style=\"font-size:23px\"><a href=\"https:\/\/www.udemy.com\/course\/autoimmunologiczne-zapalenia-stawow\/?referralCode=A499D458915DF10B2F5C\" target=\"_blank\" rel=\"noopener\" title=\"Zapalenia staw\u00f3w\">Przejd\u017a do kursu<\/a><\/p>\n","protected":false},"excerpt":{"rendered":"<p>&nbsp; Przejd\u017a do kursu &nbsp; Opis: Choroby autoimmunologiczne s\u0105 na ca\u0142ym \u015bwiecie coraz cz\u0119\u015bciej diagnozowane. Nale\u017c\u0105 do grupy chor\u00f3b cywilizacyjnych. Oznacza to, \u017ce prowadz\u0105 do nich pewne konkretne zmiany, kt\u00f3re rozw\u00f3j cywilizacji postindustrialnej wprowadzi\u0142 w \u017cycie niemal ka\u017cdego z nas. U podstaw ich rozwoju le\u017cy wadliwe funkcjonowanie uk\u0142adu odporno\u015bciowego, kt\u00f3ry produkuje przeciwcia\u0142a atakuj\u0105ce w\u0142asne tkanki [&hellip;]<\/p>\n","protected":false},"author":1,"featured_media":0,"parent":0,"menu_order":0,"comment_status":"closed","ping_status":"closed","template":"","meta":{"_monsterinsights_skip_tracking":false,"_monsterinsights_sitenote_active":false,"_monsterinsights_sitenote_note":"","_monsterinsights_sitenote_category":0,"footnotes":""},"class_list":["post-250","page","type-page","status-publish","hentry"],"aioseo_notices":[],"_links":{"self":[{"href":"https:\/\/medycynafunkcjonalna.pl\/index.php?rest_route=\/wp\/v2\/pages\/250","targetHints":{"allow":["GET"]}}],"collection":[{"href":"https:\/\/medycynafunkcjonalna.pl\/index.php?rest_route=\/wp\/v2\/pages"}],"about":[{"href":"https:\/\/medycynafunkcjonalna.pl\/index.php?rest_route=\/wp\/v2\/types\/page"}],"author":[{"embeddable":true,"href":"https:\/\/medycynafunkcjonalna.pl\/index.php?rest_route=\/wp\/v2\/users\/1"}],"replies":[{"embeddable":true,"href":"https:\/\/medycynafunkcjonalna.pl\/index.php?rest_route=%2Fwp%2Fv2%2Fcomments&post=250"}],"version-history":[{"count":13,"href":"https:\/\/medycynafunkcjonalna.pl\/index.php?rest_route=\/wp\/v2\/pages\/250\/revisions"}],"predecessor-version":[{"id":438,"href":"https:\/\/medycynafunkcjonalna.pl\/index.php?rest_route=\/wp\/v2\/pages\/250\/revisions\/438"}],"wp:attachment":[{"href":"https:\/\/medycynafunkcjonalna.pl\/index.php?rest_route=%2Fwp%2Fv2%2Fmedia&parent=250"}],"curies":[{"name":"wp","href":"https:\/\/api.w.org\/{rel}","templated":true}]}}