{"id":248,"date":"2023-11-08T14:16:18","date_gmt":"2023-11-08T13:16:18","guid":{"rendered":"https:\/\/medycynafunkcjonalna.pl\/?page_id=248"},"modified":"2023-11-22T20:51:37","modified_gmt":"2023-11-22T19:51:37","slug":"nieswoiste-zapalenia-jelit","status":"publish","type":"page","link":"https:\/\/medycynafunkcjonalna.pl\/?page_id=248","title":{"rendered":"Nieswoiste zapalenia jelit"},"content":{"rendered":"\n<p class=\"has-small-font-size\">&nbsp;<\/p>\n\n\n\n<p style=\"font-size:24px\"><a href=\"https:\/\/www.udemy.com\/course\/nieswoiste-zapalenia-jelit\/?referralCode=13D2ACCD2701CC89C722\" target=\"_blank\" rel=\"noopener\" title=\"Kurs NZJ\">Przejd\u017a do kursu<\/a><\/p>\n\n\n\n<p class=\"has-small-font-size\">&nbsp;<\/p>\n\n\n\n<p class=\"has-medium-font-size\">Opis:<\/p>\n\n\n\n<p class=\"has-medium-font-size\">Choroby autoimmunologiczne na ca\u0142ym \u015bwiecie s\u0105 coraz cz\u0119\u015bciej diagnozowane. Nale\u017c\u0105 do grupy chor\u00f3b cywilizacyjnych, co oznacza \u017ce powoduj\u0105 je zmiany, jakie rozw\u00f3j cywilizacji wprowadzi\u0142 w nasze \u017cycia. U podstaw ich rozwoju le\u017cy wadliwe funkcjonowanie uk\u0142adu odporno\u015bciowego, kt\u00f3ry atakuje w\u0142asne tkanki organizmu. Wrzodziej\u0105ce zapalenie jelita grubego i choroba Le\u015bniowskiego-Crohna nale\u017c\u0105 do najci\u0119\u017cszych spo\u015br\u00f3d chor\u00f3b autoimmunologicznych. Ich powik\u0142ania to obfite krwawienia z przewodu pokarmowego, przetoki jelitowe czy ostre rozd\u0119cie okr\u0119\u017cnicy, kt\u00f3re mog\u0105 wymaga\u0107 pilnej resekcji, czyli chirurgicznego usuni\u0119cia cz\u0119\u015bci jelit.<\/p>\n\n\n\n<p class=\"has-medium-font-size\">Kurs stanowi pe\u0142ne kompendium wiedzy jak\u0105 powinna posiada\u0107 osoba, u kt\u00f3rej zdiagnozowano nieswoiste, czyli autoimmunologiczne zapalenie jelit. Na wiedz\u0119 t\u0119 sk\u0142ada si\u0119 om\u00f3wienie zalece\u0144 \u017cywieniowych, suplementacyjnych i innych element\u00f3w stylu \u017cycia. Zawiera te\u017c kompletne plany dietetyczne w wariantach 1600 i 1800 kcal w wersjach 3-tygodniowych oraz 2-tygodniowych semi-wegetaria\u0144skich, a tak\u017ce dodatkowy plan dietetyczny na zaostrzenia, w kt\u00f3rych nale\u017cy znacznie ogranicza\u0107 spo\u017cycie b\u0142onnika pokarmowego. Stopniowe wprowadzanie w \u017cycie zmian stylu \u017cycia omawianych w tym kursie mo\u017ce znacznie zwi\u0119kszy\u0107 szans\u0119 na osi\u0105gni\u0119cie remisji, czyli wygaszenia procesu autoimmunologicznego. Nale\u017cy te\u017c pami\u0119ta\u0107, \u017ce czynnikiem, kt\u00f3ry pogarsza przebieg prawie wszystkich chor\u00f3b, w tym autoimmunologicznych jest stres, zw\u0142aszcza przewlek\u0142y. Wprowadzenie technik redukcji stresu r\u00f3wnie\u017c ma ogromne znaczenie dla zwi\u0119kszenia szansy na osi\u0105gni\u0119cie remisji. Kurs ma charakter wy\u0142\u0105cznie edukacyjny i nie stanowi zast\u0119pstwa dla profesjonalnej porady medycznej.<\/p>\n\n\n\n<p style=\"font-size:23px\"><a href=\"https:\/\/www.udemy.com\/course\/nieswoiste-zapalenia-jelit\/?referralCode=13D2ACCD2701CC89C722\" target=\"_blank\" rel=\"noopener\" title=\"Kurs NZJ\">Przejd\u017a do kursu<\/a><\/p>\n","protected":false},"excerpt":{"rendered":"<p>&nbsp; Przejd\u017a do kursu &nbsp; Opis: Choroby autoimmunologiczne na ca\u0142ym \u015bwiecie s\u0105 coraz cz\u0119\u015bciej diagnozowane. Nale\u017c\u0105 do grupy chor\u00f3b cywilizacyjnych, co oznacza \u017ce powoduj\u0105 je zmiany, jakie rozw\u00f3j cywilizacji wprowadzi\u0142 w nasze \u017cycia. U podstaw ich rozwoju le\u017cy wadliwe funkcjonowanie uk\u0142adu odporno\u015bciowego, kt\u00f3ry atakuje w\u0142asne tkanki organizmu. Wrzodziej\u0105ce zapalenie jelita grubego i choroba Le\u015bniowskiego-Crohna nale\u017c\u0105 [&hellip;]<\/p>\n","protected":false},"author":1,"featured_media":0,"parent":0,"menu_order":0,"comment_status":"closed","ping_status":"closed","template":"","meta":{"_monsterinsights_skip_tracking":false,"_monsterinsights_sitenote_active":false,"_monsterinsights_sitenote_note":"","_monsterinsights_sitenote_category":0,"footnotes":""},"class_list":["post-248","page","type-page","status-publish","hentry"],"aioseo_notices":[],"_links":{"self":[{"href":"https:\/\/medycynafunkcjonalna.pl\/index.php?rest_route=\/wp\/v2\/pages\/248","targetHints":{"allow":["GET"]}}],"collection":[{"href":"https:\/\/medycynafunkcjonalna.pl\/index.php?rest_route=\/wp\/v2\/pages"}],"about":[{"href":"https:\/\/medycynafunkcjonalna.pl\/index.php?rest_route=\/wp\/v2\/types\/page"}],"author":[{"embeddable":true,"href":"https:\/\/medycynafunkcjonalna.pl\/index.php?rest_route=\/wp\/v2\/users\/1"}],"replies":[{"embeddable":true,"href":"https:\/\/medycynafunkcjonalna.pl\/index.php?rest_route=%2Fwp%2Fv2%2Fcomments&post=248"}],"version-history":[{"count":24,"href":"https:\/\/medycynafunkcjonalna.pl\/index.php?rest_route=\/wp\/v2\/pages\/248\/revisions"}],"predecessor-version":[{"id":440,"href":"https:\/\/medycynafunkcjonalna.pl\/index.php?rest_route=\/wp\/v2\/pages\/248\/revisions\/440"}],"wp:attachment":[{"href":"https:\/\/medycynafunkcjonalna.pl\/index.php?rest_route=%2Fwp%2Fv2%2Fmedia&parent=248"}],"curies":[{"name":"wp","href":"https:\/\/api.w.org\/{rel}","templated":true}]}}