{"id":246,"date":"2023-11-08T14:15:25","date_gmt":"2023-11-08T13:15:25","guid":{"rendered":"https:\/\/medycynafunkcjonalna.pl\/?page_id=246"},"modified":"2023-11-22T20:47:31","modified_gmt":"2023-11-22T19:47:31","slug":"choroba-hashimoto","status":"publish","type":"page","link":"https:\/\/medycynafunkcjonalna.pl\/?page_id=246","title":{"rendered":"Choroba Hashimoto"},"content":{"rendered":"\n<p class=\"has-small-font-size\">&nbsp;<\/p>\n\n\n\n<p style=\"font-size:24px\"><a href=\"https:\/\/www.udemy.com\/course\/hashimoto-autoimmunologiczne-zapalenie-tarczycy\/?referralCode=32422DCE4AA211331F76\" target=\"_blank\" rel=\"noopener\" title=\"Kurs Hashimoto\">Przejd\u017a do kursu<\/a><\/p>\n\n\n\n<p class=\"has-small-font-size\">&nbsp;<\/p>\n\n\n\n<p class=\"has-medium-font-size\">Opis:<\/p>\n\n\n\n<p class=\"has-medium-font-size\">Choroby autoimmunologiczne s\u0105 na ca\u0142ym \u015bwiecie coraz cz\u0119\u015bciej diagnozowane. Nale\u017c\u0105 do grupy chor\u00f3b cywilizacyjnych. Choroba Hashimoto, czyli autoimmunologiczne zapalenie tarczycy jest najcz\u0119stsz\u0105 z tej grupy. Kobiety zapadaj\u0105 na ni\u0105 oko\u0142o 9 razy cz\u0119\u015bciej od m\u0119\u017cczyzn. Ta dysproporcja wynika najprawdopodobniej z bardziej z\u0142o\u017conego i podatnego na stresory uk\u0142adu hormonalnego oraz wi\u0119kszej ekspozycji na toksyny, kt\u00f3rych \u017ar\u00f3d\u0142em mog\u0105 by\u0107 niekt\u00f3re kosmetyki. U podstaw choroby le\u017cy wadliwe funkcjonowanie uk\u0142adu odporno\u015bciowego, kt\u00f3ry produkuje przeciwcia\u0142a atakuj\u0105ce w\u0142asne tkanki organizmu, st\u0105d zwane s\u0105 autoprzeciwcia\u0142ami. W tym przypadku ofiar\u0105 autoimmunizacji jest tarczyca, a przeciwcia\u0142a markerowe to anty-TPO i anty-TG, skierowane przeciwko dw\u00f3m bia\u0142kom &#8211; peroksydazie tarczycowej i tyreoglobulinie.<\/p>\n\n\n\n<p class=\"has-medium-font-size\">Kurs stanowi pe\u0142ne kompendium wiedzy jak\u0105 powinna posiada\u0107 osoba, u kt\u00f3rej zdiagnozowano chorob\u0119 Hashimoto. Na wiedz\u0119 t\u0119 sk\u0142ada si\u0119 om\u00f3wienie zalece\u0144 \u017cywieniowych, suplementacyjnych i innych element\u00f3w stylu \u017cycia. Zawiera te\u017c kompletne plany dietetyczne w wariantach 1600 i 1800 kcal w wersjach 3-tygodniowych oraz 2-tygodniowych semi-wegetaria\u0144skich. Stopniowe wprowadzanie w \u017cycie zmian stylu \u017cycia omawianych w tym kursie mo\u017ce znacznie zwi\u0119kszy\u0107 szans\u0119 na osi\u0105gni\u0119cie remisji, czyli wygaszenia procesu autoimmunologicznego. Kurs ma charakter wy\u0142\u0105cznie edukacyjny i nie stanowi zast\u0119pstwa dla profesjonalnej porady medycznej.<\/p>\n\n\n\n<p style=\"font-size:23px\"><a href=\"https:\/\/www.udemy.com\/course\/hashimoto-autoimmunologiczne-zapalenie-tarczycy\/?referralCode=32422DCE4AA211331F76\" target=\"_blank\" rel=\"noopener\" title=\"Kurs Hashimoto\">Przejd\u017a do kursu<\/a><\/p>\n","protected":false},"excerpt":{"rendered":"<p>&nbsp; Przejd\u017a do kursu &nbsp; Opis: Choroby autoimmunologiczne s\u0105 na ca\u0142ym \u015bwiecie coraz cz\u0119\u015bciej diagnozowane. Nale\u017c\u0105 do grupy chor\u00f3b cywilizacyjnych. Choroba Hashimoto, czyli autoimmunologiczne zapalenie tarczycy jest najcz\u0119stsz\u0105 z tej grupy. Kobiety zapadaj\u0105 na ni\u0105 oko\u0142o 9 razy cz\u0119\u015bciej od m\u0119\u017cczyzn. Ta dysproporcja wynika najprawdopodobniej z bardziej z\u0142o\u017conego i podatnego na stresory uk\u0142adu hormonalnego oraz [&hellip;]<\/p>\n","protected":false},"author":1,"featured_media":0,"parent":0,"menu_order":0,"comment_status":"closed","ping_status":"closed","template":"","meta":{"_monsterinsights_skip_tracking":false,"_monsterinsights_sitenote_active":false,"_monsterinsights_sitenote_note":"","_monsterinsights_sitenote_category":0,"footnotes":""},"class_list":["post-246","page","type-page","status-publish","hentry"],"aioseo_notices":[],"_links":{"self":[{"href":"https:\/\/medycynafunkcjonalna.pl\/index.php?rest_route=\/wp\/v2\/pages\/246","targetHints":{"allow":["GET"]}}],"collection":[{"href":"https:\/\/medycynafunkcjonalna.pl\/index.php?rest_route=\/wp\/v2\/pages"}],"about":[{"href":"https:\/\/medycynafunkcjonalna.pl\/index.php?rest_route=\/wp\/v2\/types\/page"}],"author":[{"embeddable":true,"href":"https:\/\/medycynafunkcjonalna.pl\/index.php?rest_route=\/wp\/v2\/users\/1"}],"replies":[{"embeddable":true,"href":"https:\/\/medycynafunkcjonalna.pl\/index.php?rest_route=%2Fwp%2Fv2%2Fcomments&post=246"}],"version-history":[{"count":23,"href":"https:\/\/medycynafunkcjonalna.pl\/index.php?rest_route=\/wp\/v2\/pages\/246\/revisions"}],"predecessor-version":[{"id":437,"href":"https:\/\/medycynafunkcjonalna.pl\/index.php?rest_route=\/wp\/v2\/pages\/246\/revisions\/437"}],"wp:attachment":[{"href":"https:\/\/medycynafunkcjonalna.pl\/index.php?rest_route=%2Fwp%2Fv2%2Fmedia&parent=246"}],"curies":[{"name":"wp","href":"https:\/\/api.w.org\/{rel}","templated":true}]}}