{"id":128,"date":"2022-05-17T12:17:31","date_gmt":"2022-05-17T11:17:31","guid":{"rendered":"https:\/\/medycynafunkcjonalna.pl\/?page_id=128"},"modified":"2024-04-24T20:07:21","modified_gmt":"2024-04-24T19:07:21","slug":"kursy-dla-pacjentow","status":"publish","type":"page","link":"https:\/\/medycynafunkcjonalna.pl\/","title":{"rendered":"\u017bywienie i suplementacja &#8211; kursy dla pacjent\u00f3w:"},"content":{"rendered":"\n<p>&nbsp;<\/p>\n\n\n\n<div style=\"padding:56.25% 0 0 0;position:relative;\"><iframe src=\"https:\/\/player.vimeo.com\/video\/894414669?badge=0&amp;autopause=0&amp;player_id=0&amp;app_id=58479\" frameborder=\"0\" allow=\"autoplay; fullscreen; picture-in-picture\" style=\"position:absolute;top:0;left:0;width:100%;height:100%;\" title=\"MF intro\"><\/iframe><\/div><script src=\"https:\/\/player.vimeo.com\/api\/player.js\"><\/script>\n\n\n\n<p>&nbsp;<\/p>\n\n\n\n<p>&nbsp;<\/p>\n\n\n\n<p class=\"has-text-color has-link-color wp-elements-a3f5e425ad615583740021432456aa45\" style=\"color:#166619;font-size:28px\"><a href=\"https:\/\/medycynafunkcjonalna.pl\/?page_id=237(otworzy si\u0119 w nowej karcie)\" target=\"_blank\" rel=\"noopener\">\u25aa Cukrzyca i insulinooporno\u015b\u0107<\/a><\/p>\n\n\n\n<p class=\"has-text-color has-link-color wp-elements-1e03383d7a54111ac0091ba651f2ac9d\" style=\"color:#166619;font-size:28px\">&nbsp;<\/p>\n\n\n\n<p class=\"has-text-color has-link-color wp-elements-742bd63d7d3d4f1d13c3892410c067ae\" style=\"color:#166619;font-size:28px\"><a href=\"https:\/\/medycynafunkcjonalna.pl\/?page_id=246(otworzy si\u0119 w nowej karcie)\" target=\"_blank\" rel=\"noopener\">\u25aa Choroba Hashimoto<\/a><\/p>\n\n\n\n<p class=\"has-text-color has-link-color wp-elements-1e03383d7a54111ac0091ba651f2ac9d\" style=\"color:#166619;font-size:28px\">&nbsp;<\/p>\n\n\n\n<p class=\"has-text-color has-link-color wp-elements-4dba6398da90fb56eca23f9d7669d58f\" style=\"color:#166619;font-size:28px\"><a href=\"https:\/\/medycynafunkcjonalna.pl\/?page_id=248(otworzy si\u0119 w nowej karcie)\" target=\"_blank\" rel=\"noopener\">\u25aa Nieswoiste zapalenia jelit<\/a><\/p>\n\n\n\n<p class=\"has-text-color has-link-color wp-elements-1e03383d7a54111ac0091ba651f2ac9d\" style=\"color:#166619;font-size:28px\">&nbsp;<\/p>\n\n\n\n<p class=\"has-text-color has-link-color wp-elements-f4932f16038a11fdc6e76d913b2ca1fe\" style=\"color:#166619;font-size:28px\"><a href=\"https:\/\/medycynafunkcjonalna.pl\/?page_id=250(otworzy si\u0119 w nowej karcie)\" target=\"_blank\" rel=\"noopener\">\u25aa RZS i inne autoimmunologiczne zapalenia staw\u00f3w<\/a><\/p>\n\n\n\n<p class=\"has-text-color has-link-color wp-elements-1e03383d7a54111ac0091ba651f2ac9d\" style=\"color:#166619;font-size:28px\">&nbsp;<\/p>\n\n\n\n<p class=\"has-text-color has-link-color wp-elements-afe6857c566f53bb84c8172f618292bb\" style=\"color:#166619;font-size:28px\"><a href=\"https:\/\/medycynafunkcjonalna.pl\/?page_id=252(otworzy si\u0119 w nowej karcie)\" target=\"_blank\" rel=\"noopener\">\u25aa Tocze\u0144, SM i inne choroby autoimmunologiczne<\/a><\/p>\n\n\n\n<p class=\"has-text-color has-link-color wp-elements-1e03383d7a54111ac0091ba651f2ac9d\" style=\"color:#166619;font-size:28px\">&nbsp;<\/p>\n\n\n\n<p class=\"has-text-color has-link-color wp-elements-d2be045fcdb6450a67f1345550d3d4c9\" style=\"color:#166619;font-size:28px\"><a href=\"https:\/\/medycynafunkcjonalna.pl\/?page_id=254\" title=\"Atopowe zapalenie sk\u00f3ry\">\u25aa Atopowe zapalenie sk\u00f3ry<\/a><\/p>\n\n\n\n<p class=\"has-text-color has-link-color wp-elements-1e03383d7a54111ac0091ba651f2ac9d\" style=\"color:#166619;font-size:28px\">&nbsp;<\/p>\n\n\n\n<p class=\"has-text-color has-link-color wp-elements-988771fea53f4d9e36cb42ecc2778b30\" style=\"color:#166619;font-size:28px\"><a href=\"https:\/\/medycynafunkcjonalna.pl\/?page_id=259(otworzy si\u0119 w nowej karcie)\" target=\"_blank\" rel=\"noopener\">\u25aa \u0141uszczyca<\/a><\/p>\n\n\n\n<p class=\"has-text-color has-link-color wp-elements-1e03383d7a54111ac0091ba651f2ac9d\" style=\"color:#166619;font-size:28px\">&nbsp;<\/p>\n\n\n\n<p class=\"has-medium-font-size\" style=\"font-style:normal;font-weight:400\">\u00a0 Dost\u0119p do powy\u017cszych kurs\u00f3w nie ma limitu czasowego!<\/p>\n\n\n\n<p>&nbsp;<\/p>\n\n\n\n<p class=\"has-medium-font-size\"> &nbsp; Kursy darmowe:<\/p>\n\n\n\n<p>&nbsp;<\/p>\n\n\n\n<p class=\"has-text-color has-link-color wp-elements-e30648b284f274877d618e7e0f58c9d2\" style=\"color:#166619;font-size:28px\"><a href=\"https:\/\/youtu.be\/jdqATcnCxt0\" target=\"_blank\" rel=\"noopener\" title=\"Terapia Boreliozy\">\u25aa Borelioza<\/a><\/p>\n","protected":false},"excerpt":{"rendered":"<p>&nbsp; &nbsp; &nbsp; \u25aa Cukrzyca i insulinooporno\u015b\u0107 &nbsp; \u25aa Choroba Hashimoto &nbsp; \u25aa Nieswoiste zapalenia jelit &nbsp; \u25aa RZS i inne autoimmunologiczne zapalenia staw\u00f3w &nbsp; \u25aa Tocze\u0144, SM i inne choroby autoimmunologiczne &nbsp; \u25aa Atopowe zapalenie sk\u00f3ry &nbsp; \u25aa \u0141uszczyca &nbsp; \u00a0 Dost\u0119p do powy\u017cszych kurs\u00f3w nie ma limitu czasowego! &nbsp; &nbsp; Kursy darmowe: &nbsp; [&hellip;]<\/p>\n","protected":false},"author":1,"featured_media":0,"parent":0,"menu_order":0,"comment_status":"closed","ping_status":"closed","template":"","meta":{"_monsterinsights_skip_tracking":false,"_monsterinsights_sitenote_active":false,"_monsterinsights_sitenote_note":"","_monsterinsights_sitenote_category":0,"footnotes":""},"class_list":["post-128","page","type-page","status-publish","hentry"],"aioseo_notices":[],"_links":{"self":[{"href":"https:\/\/medycynafunkcjonalna.pl\/index.php?rest_route=\/wp\/v2\/pages\/128","targetHints":{"allow":["GET"]}}],"collection":[{"href":"https:\/\/medycynafunkcjonalna.pl\/index.php?rest_route=\/wp\/v2\/pages"}],"about":[{"href":"https:\/\/medycynafunkcjonalna.pl\/index.php?rest_route=\/wp\/v2\/types\/page"}],"author":[{"embeddable":true,"href":"https:\/\/medycynafunkcjonalna.pl\/index.php?rest_route=\/wp\/v2\/users\/1"}],"replies":[{"embeddable":true,"href":"https:\/\/medycynafunkcjonalna.pl\/index.php?rest_route=%2Fwp%2Fv2%2Fcomments&post=128"}],"version-history":[{"count":99,"href":"https:\/\/medycynafunkcjonalna.pl\/index.php?rest_route=\/wp\/v2\/pages\/128\/revisions"}],"predecessor-version":[{"id":533,"href":"https:\/\/medycynafunkcjonalna.pl\/index.php?rest_route=\/wp\/v2\/pages\/128\/revisions\/533"}],"wp:attachment":[{"href":"https:\/\/medycynafunkcjonalna.pl\/index.php?rest_route=%2Fwp%2Fv2%2Fmedia&parent=128"}],"curies":[{"name":"wp","href":"https:\/\/api.w.org\/{rel}","templated":true}]}}